{"id":3474,"date":"2022-07-23T20:53:59","date_gmt":"2022-07-23T17:53:59","guid":{"rendered":"https:\/\/monarctique.com\/?page_id=3474"},"modified":"2022-08-03T13:48:22","modified_gmt":"2022-08-03T10:48:22","slug":"partners","status":"publish","type":"page","link":"https:\/\/monarctique.com\/fr\/partners\/","title":{"rendered":"Collaboration"},"content":{"rendered":"<div data-elementor-type=\"wp-page\" data-elementor-id=\"3474\" class=\"elementor elementor-3474\" data-elementor-post-type=\"page\">\n\t\t\t\t\t\t<section class=\"elementor-section elementor-top-section elementor-element elementor-element-6028056 elementor-section-boxed elementor-section-height-default elementor-section-height-default xts-section-disabled\" data-id=\"6028056\" data-element_type=\"section\">\n\t\t\t\t\t\t<div class=\"elementor-container elementor-column-gap-default\">\n\t\t\t\t\t<div class=\"elementor-column elementor-col-100 elementor-top-column elementor-element elementor-element-928d681\" data-id=\"928d681\" data-element_type=\"column\">\n\t\t\t<div class=\"elementor-widget-wrap elementor-element-populated\">\n\t\t\t\t\t\t<div class=\"elementor-element elementor-element-f67b720 xts-scheme-inherit xts-textalign-inherit elementor-widget elementor-widget-text-editor\" data-id=\"f67b720\" data-element_type=\"widget\" data-widget_type=\"text-editor.default\">\n\t\t\t\t\t\t\t\t\t<p class=\"translation-block\"><strong>Chers coll\u00e8gues, nous sommes ouverts \u00e0 la coop\u00e9ration et heureux de nouveaux partenaires! <\/strong><\/p><ul><li style=\"font-weight: 400;\" aria-level=\"1\"><span style=\"font-weight: 400;\">Partenaires russes et \u00e9trangers<\/span><\/li><\/ul><ul><li style=\"font-weight: 400;\" aria-level=\"1\"><span style=\"font-weight: 400;\">Agence de voyages<\/span><\/li><li style=\"font-weight: 400;\" aria-level=\"1\"><span style=\"font-weight: 400;\">Tour-op\u00e9rateurs<\/span><\/li><li style=\"font-weight: 400;\" aria-level=\"1\"><span style=\"font-weight: 400;\">Associations de guides<\/span><\/li><li style=\"font-weight: 400;\" aria-level=\"1\"><span style=\"font-weight: 400;\">H\u00f4tels<\/span><\/li><\/ul><p><span style=\"font-weight: 400;\">Tous les autres partenaires impliqu\u00e9s dans l'organisation et la mise en \u0153uvre de vacances touristiques<\/span><\/p><p><span style=\"font-weight: 400;\"><br \/><\/span><strong>Notre soci\u00e9t\u00e9 fournit les services suivants pour les partenaires:<\/strong><\/p><ul><li style=\"font-weight: 400;\" aria-level=\"1\"><span style=\"font-weight: 400;\">S\u00e9lection et organisation des visites de groupes<\/span><\/li><li style=\"font-weight: 400;\" aria-level=\"1\"><span style=\"font-weight: 400;\">S\u00e9lection de visites et de programmes individuels<\/span><\/li><li style=\"font-weight: 400;\" aria-level=\"1\"><span style=\"font-weight: 400;\">Organisation de vacances d'entreprise au format team building<\/span><\/li><li style=\"font-weight: 400;\" aria-level=\"1\"><span style=\"font-weight: 400;\">Transfert de l'a\u00e9roport et de la gare<\/span><\/li><li style=\"font-weight: 400;\" aria-level=\"1\"><span style=\"font-weight: 400;\">R\u00e9servation d'h\u00e9bergement<\/span><\/li><li style=\"font-weight: 400;\" aria-level=\"1\"><span style=\"font-weight: 400;\">Fourniture de transports (voitures, jeeps, mini-fourgonnettes, minibus, autobus)<\/span><\/li><li style=\"font-weight: 400;\" aria-level=\"1\"><span style=\"font-weight: 400;\">Organisation de repas pour les invit\u00e9s, r\u00e9servation de tables dans les caf\u00e9s et les restaurants<\/span><\/li><li style=\"font-weight: 400;\" aria-level=\"1\"><span style=\"font-weight: 400;\">\u00a0Accompagnement des visites guid\u00e9es en anglais, fran\u00e7ais, chinois et autres langues<\/span><\/li><\/ul><p><span style=\"font-weight: 400;\">E-mail pour nous contacter: monarctique@yandex.ru <\/span><a href=\"mailto:monarctique@yandex.ru\"><span style=\"font-weight: 400;\">monarctique@yandex.ru<\/span><span style=\"font-weight: 400;\"><br \/><\/span><\/a><span style=\"font-weight: 400;\">T\u00e9l\u00e9phone pour la communication sur la question de la coop\u00e9ration: +7911-311-22-61 <a href=\"tel:+79113112261\">+7 (911) 311-22-61<\/a><\/span><\/p>\t\t\t\t\t\t\t\t<\/div>\n\t\t\t\t\t<\/div>\n\t\t<\/div>\n\t\t\t\t\t<\/div>\n\t\t<\/section>\n\t\t\t\t<\/div>","protected":false},"excerpt":{"rendered":"<p>\u0423\u0432\u0430\u0436\u0430\u0435\u043c\u044b\u0435 \u043a\u043e\u043b\u043b\u0435\u0433\u0438, \u043c\u044b \u043e\u0442\u043a\u0440\u044b\u0442\u044b \u043a \u0441\u043e\u0442\u0440\u0443\u0434\u043d\u0438\u0447\u0435\u0441\u0442\u0432\u0443 \u0438 \u0440\u0430\u0434\u044b \u043d\u043e\u0432\u044b\u043c \u043f\u0430\u0440\u0442\u043d\u0435\u0440\u0430\u043c! \u0420\u043e\u0441\u0441\u0438\u0439\u0441\u043a\u0438\u043c \u0438 \u0437\u0430\u0440\u0443\u0431\u0435\u0436\u043d\u044b\u043c \u043f\u0430\u0440\u0442\u043d\u0435\u0440\u0430\u043c \u0422\u0443\u0440\u0438\u0441\u0442\u0438\u0447\u0435\u0441\u043a\u0438\u043c \u0410\u0433\u0435\u043d\u0442\u0441\u0442\u0432\u0430\u043c \u0422\u0443\u0440\u043e\u043f\u0435\u0440\u0430\u0442\u043e\u0440\u0430\u043c \u0410\u0441\u0441\u043e\u0446\u0438\u0430\u0446\u0438\u044f\u043c \u044d\u043a\u0441\u043a\u0443\u0440\u0441\u043e\u0432\u043e\u0434\u043e\u0432, \u0433\u0438\u0434\u043e\u0432 \u041e\u0442\u0435\u043b\u044f\u043c \u041b\u044e\u0431\u044b\u043c \u0434\u0440\u0443\u0433\u0438\u043c \u043f\u0430\u0440\u0442\u043d\u0435\u0440\u0430\u043c, \u0443\u0447\u0430\u0441\u0442\u0432\u0443\u044e\u0449\u0438\u043c \u0432 \u043e\u0440\u0433\u0430\u043d\u0438\u0437\u0430\u0446\u0438\u0438 \u0438 \u0440\u0435\u0430\u043b\u0438\u0437\u0430\u0446\u0438\u0438 \u0442\u0443\u0440\u0438\u0441\u0442\u0438\u0447\u0435\u0441\u043a\u043e\u0433\u043e \u043e\u0442\u0434\u044b\u0445\u0430. \u041d\u0430\u0448\u0430 \u043a\u043e\u043c\u043f\u0430\u043d\u0438\u044f \u043f\u0440\u0435\u0434\u043e\u0441\u0442\u0430\u0432\u043b\u044f\u0435\u0442 \u0441\u043b\u0435\u0434\u0443\u044e\u0449\u0438\u0435 \u0443\u0441\u043b\u0443\u0433\u0438 \u0434\u043b\u044f \u043f\u0430\u0440\u0442\u043d\u0435\u0440\u043e\u0432: \u041f\u043e\u0434\u0431\u043e\u0440 \u0438 \u043e\u0440\u0433\u0430\u043d\u0438\u0437\u0430\u0446\u0438\u044f \u0433\u0440\u0443\u043f\u043f\u043e\u0432\u044b\u0445 \u0442\u0443\u0440\u043e\u0432 \u041f\u043e\u0434\u0431\u043e\u0440 \u0438\u043d\u0434\u0438\u0432\u0438\u0434\u0443\u0430\u043b\u044c\u043d\u044b\u0445 \u0442\u0443\u0440\u043e\u0432 \u0438 \u043f\u0440\u043e\u0433\u0440\u0430\u043c\u043c \u041e\u0440\u0433\u0430\u043d\u0438\u0437\u0430\u0446\u0438\u044f \u043a\u043e\u0440\u043f\u043e\u0440\u0430\u0442\u0438\u0432\u043d\u043e\u0433\u043e \u043e\u0442\u0434\u044b\u0445\u0430 \u0432 \u0444\u043e\u0440\u043c\u0430\u0442\u0435 team building [&hellip;]<\/p>","protected":false},"author":1,"featured_media":0,"parent":0,"menu_order":0,"comment_status":"closed","ping_status":"closed","template":"","meta":{"_acf_changed":false,"footnotes":""},"class_list":["post-3474","page","type-page","status-publish","hentry"],"acf":[],"yoast_head":"<!-- This site is optimized with the Yoast SEO plugin v26.3 - https:\/\/yoast.com\/wordpress\/plugins\/seo\/ -->\n<title>\u041f\u0430\u0440\u0442\u043d\u0435\u0440\u0430\u043c - \u041c\u043e\u044f \u0410\u0440\u043a\u0442\u0438\u043a\u0430<\/title>\n<meta name=\"description\" content=\"\u041d\u0430\u0434\u0435\u0436\u043d\u044b\u0435 \u0438 \u043f\u0440\u043e\u0444\u0435\u0441\u0441\u0438\u043e\u043d\u0430\u043b\u044c\u043d\u044b\u0435 \u0433\u0438\u0434\u044b-\u043f\u0435\u0440\u0435\u0432\u043e\u0434\u0447\u0438\u043a\u0438. \u0423\u0441\u0442\u0440\u043e\u0439\u0442\u0435 \u0441\u0435\u0431\u0435 \u043f\u0435\u0440\u0435\u0437\u0430\u0433\u0440\u0443\u0437\u043a\u0443 \u0438 \u043f\u043e\u0434\u0430\u0440\u0438\u0442\u0435 \u043e\u0442\u0434\u044b\u0445, \u043a\u043e\u0442\u043e\u0440\u044b\u0439 \u0432\u0430\u043c \u0442\u0430\u043a \u043d\u0443\u0436\u0435\u043d. \u041f\u0440\u0438\u043b\u0435\u0442\u0430\u0439\u0442\u0435 \u0437\u0430 \u043d\u0438\u043c\u0438 \u0438 \u043d\u0435 \u043f\u043e\u0436\u0430\u043b\u0435\u0435\u0442\u0435!\" \/>\n<meta name=\"robots\" content=\"index, follow, max-snippet:-1, max-image-preview:large, max-video-preview:-1\" \/>\n<link rel=\"canonical\" href=\"https:\/\/monarctique.com\/fr\/partners\/\" \/>\n<meta property=\"og:locale\" content=\"fr_FR\" \/>\n<meta property=\"og:type\" content=\"article\" \/>\n<meta property=\"og:title\" content=\"\u041f\u0430\u0440\u0442\u043d\u0435\u0440\u0430\u043c - \u041c\u043e\u044f \u0410\u0440\u043a\u0442\u0438\u043a\u0430\" \/>\n<meta property=\"og:description\" content=\"\u041d\u0430\u0434\u0435\u0436\u043d\u044b\u0435 \u0438 \u043f\u0440\u043e\u0444\u0435\u0441\u0441\u0438\u043e\u043d\u0430\u043b\u044c\u043d\u044b\u0435 \u0433\u0438\u0434\u044b-\u043f\u0435\u0440\u0435\u0432\u043e\u0434\u0447\u0438\u043a\u0438. \u0423\u0441\u0442\u0440\u043e\u0439\u0442\u0435 \u0441\u0435\u0431\u0435 \u043f\u0435\u0440\u0435\u0437\u0430\u0433\u0440\u0443\u0437\u043a\u0443 \u0438 \u043f\u043e\u0434\u0430\u0440\u0438\u0442\u0435 \u043e\u0442\u0434\u044b\u0445, \u043a\u043e\u0442\u043e\u0440\u044b\u0439 \u0432\u0430\u043c \u0442\u0430\u043a \u043d\u0443\u0436\u0435\u043d. \u041f\u0440\u0438\u043b\u0435\u0442\u0430\u0439\u0442\u0435 \u0437\u0430 \u043d\u0438\u043c\u0438 \u0438 \u043d\u0435 \u043f\u043e\u0436\u0430\u043b\u0435\u0435\u0442\u0435!\" \/>\n<meta property=\"og:url\" content=\"https:\/\/monarctique.com\/fr\/partners\/\" \/>\n<meta property=\"og:site_name\" content=\"\u041c\u043e\u044f \u0410\u0440\u043a\u0442\u0438\u043a\u0430\" \/>\n<meta property=\"article:modified_time\" content=\"2022-08-03T10:48:22+00:00\" \/>\n<meta name=\"twitter:card\" content=\"summary_large_image\" \/>\n<script type=\"application\/ld+json\" class=\"yoast-schema-graph\">{\"@context\":\"https:\/\/schema.org\",\"@graph\":[{\"@type\":\"WebPage\",\"@id\":\"https:\/\/monarctique.com\/partners\/\",\"url\":\"https:\/\/monarctique.com\/partners\/\",\"name\":\"\u041f\u0430\u0440\u0442\u043d\u0435\u0440\u0430\u043c - \u041c\u043e\u044f \u0410\u0440\u043a\u0442\u0438\u043a\u0430\",\"isPartOf\":{\"@id\":\"https:\/\/monarctique.com\/#website\"},\"datePublished\":\"2022-07-23T17:53:59+00:00\",\"dateModified\":\"2022-08-03T10:48:22+00:00\",\"description\":\"\u041d\u0430\u0434\u0435\u0436\u043d\u044b\u0435 \u0438 \u043f\u0440\u043e\u0444\u0435\u0441\u0441\u0438\u043e\u043d\u0430\u043b\u044c\u043d\u044b\u0435 \u0433\u0438\u0434\u044b-\u043f\u0435\u0440\u0435\u0432\u043e\u0434\u0447\u0438\u043a\u0438. \u0423\u0441\u0442\u0440\u043e\u0439\u0442\u0435 \u0441\u0435\u0431\u0435 \u043f\u0435\u0440\u0435\u0437\u0430\u0433\u0440\u0443\u0437\u043a\u0443 \u0438 \u043f\u043e\u0434\u0430\u0440\u0438\u0442\u0435 \u043e\u0442\u0434\u044b\u0445, \u043a\u043e\u0442\u043e\u0440\u044b\u0439 \u0432\u0430\u043c \u0442\u0430\u043a \u043d\u0443\u0436\u0435\u043d. \u041f\u0440\u0438\u043b\u0435\u0442\u0430\u0439\u0442\u0435 \u0437\u0430 \u043d\u0438\u043c\u0438 \u0438 \u043d\u0435 \u043f\u043e\u0436\u0430\u043b\u0435\u0435\u0442\u0435!\",\"breadcrumb\":{\"@id\":\"https:\/\/monarctique.com\/partners\/#breadcrumb\"},\"inLanguage\":\"fr-FR\",\"potentialAction\":[{\"@type\":\"ReadAction\",\"target\":[\"https:\/\/monarctique.com\/partners\/\"]}]},{\"@type\":\"BreadcrumbList\",\"@id\":\"https:\/\/monarctique.com\/partners\/#breadcrumb\",\"itemListElement\":[{\"@type\":\"ListItem\",\"position\":1,\"name\":\"\u0413\u043b\u0430\u0432\u043d\u0430\u044f\",\"item\":\"https:\/\/monarctique.com\/\"},{\"@type\":\"ListItem\",\"position\":2,\"name\":\"\u041f\u0430\u0440\u0442\u043d\u0435\u0440\u0430\u043c\"}]},{\"@type\":\"WebSite\",\"@id\":\"https:\/\/monarctique.com\/#website\",\"url\":\"https:\/\/monarctique.com\/\",\"name\":\"\u041c\u043e\u044f \u0410\u0440\u043a\u0442\u0438\u043a\u0430\",\"description\":\"\u041d\u0430\u0434\u0435\u0436\u043d\u044b\u0435 \u0438 \u043f\u0440\u043e\u0444\u0435\u0441\u0441\u0438\u043e\u043d\u0430\u043b\u044c\u043d\u044b\u0435 \u0433\u0438\u0434\u044b-\u043f\u0435\u0440\u0435\u0432\u043e\u0434\u0447\u0438\u043a\u0438. \u0423\u0441\u0442\u0440\u043e\u0439\u0442\u0435 \u0441\u0435\u0431\u0435 \u043f\u0435\u0440\u0435\u0437\u0430\u0433\u0440\u0443\u0437\u043a\u0443 \u0438 \u043f\u043e\u0434\u0430\u0440\u0438\u0442\u0435 \u043e\u0442\u0434\u044b\u0445, \u043a\u043e\u0442\u043e\u0440\u044b\u0439 \u0432\u0430\u043c \u0442\u0430\u043a \u043d\u0443\u0436\u0435\u043d. \u041f\u0440\u0438\u043b\u0435\u0442\u0430\u0439\u0442\u0435 \u0437\u0430 \u043d\u0438\u043c\u0438 \u0438 \u043d\u0435 \u043f\u043e\u0436\u0430\u043b\u0435\u0435\u0442\u0435!\",\"publisher\":{\"@id\":\"https:\/\/monarctique.com\/#organization\"},\"potentialAction\":[{\"@type\":\"SearchAction\",\"target\":{\"@type\":\"EntryPoint\",\"urlTemplate\":\"https:\/\/monarctique.com\/?s={search_term_string}\"},\"query-input\":{\"@type\":\"PropertyValueSpecification\",\"valueRequired\":true,\"valueName\":\"search_term_string\"}}],\"inLanguage\":\"fr-FR\"},{\"@type\":\"Organization\",\"@id\":\"https:\/\/monarctique.com\/#organization\",\"name\":\"\u041c\u043e\u044f \u0410\u0440\u043a\u0442\u0438\u043a\u0430 \u2014 \u0422\u0443\u0440\u044b \u0438 \u044d\u043a\u0441\u043a\u0443\u0440\u0441\u0438\u0438 \u043f\u043e \u041a\u043e\u043b\u044c\u0441\u043a\u043e\u043c\u0443 \u043f\u043e\u043b\u0443\u043e\u0441\u0442\u0440\u043e\u0432\u0443\",\"url\":\"https:\/\/monarctique.com\/\",\"logo\":{\"@type\":\"ImageObject\",\"inLanguage\":\"fr-FR\",\"@id\":\"https:\/\/monarctique.com\/#\/schema\/logo\/image\/\",\"url\":\"https:\/\/monarctique.com\/wp-content\/uploads\/2022\/07\/Logo-1.svg\",\"contentUrl\":\"https:\/\/monarctique.com\/wp-content\/uploads\/2022\/07\/Logo-1.svg\",\"width\":96,\"height\":122,\"caption\":\"\u041c\u043e\u044f \u0410\u0440\u043a\u0442\u0438\u043a\u0430 \u2014 \u0422\u0443\u0440\u044b \u0438 \u044d\u043a\u0441\u043a\u0443\u0440\u0441\u0438\u0438 \u043f\u043e \u041a\u043e\u043b\u044c\u0441\u043a\u043e\u043c\u0443 \u043f\u043e\u043b\u0443\u043e\u0441\u0442\u0440\u043e\u0432\u0443\"},\"image\":{\"@id\":\"https:\/\/monarctique.com\/#\/schema\/logo\/image\/\"},\"sameAs\":[\"https:\/\/vk.com\/monarctique\"]}]}<\/script>\n<!-- \/ Yoast SEO plugin. -->","yoast_head_json":{"title":"\u041f\u0430\u0440\u0442\u043d\u0435\u0440\u0430\u043c - \u041c\u043e\u044f \u0410\u0440\u043a\u0442\u0438\u043a\u0430","description":"\u041d\u0430\u0434\u0435\u0436\u043d\u044b\u0435 \u0438 \u043f\u0440\u043e\u0444\u0435\u0441\u0441\u0438\u043e\u043d\u0430\u043b\u044c\u043d\u044b\u0435 \u0433\u0438\u0434\u044b-\u043f\u0435\u0440\u0435\u0432\u043e\u0434\u0447\u0438\u043a\u0438. \u0423\u0441\u0442\u0440\u043e\u0439\u0442\u0435 \u0441\u0435\u0431\u0435 \u043f\u0435\u0440\u0435\u0437\u0430\u0433\u0440\u0443\u0437\u043a\u0443 \u0438 \u043f\u043e\u0434\u0430\u0440\u0438\u0442\u0435 \u043e\u0442\u0434\u044b\u0445, \u043a\u043e\u0442\u043e\u0440\u044b\u0439 \u0432\u0430\u043c \u0442\u0430\u043a \u043d\u0443\u0436\u0435\u043d. \u041f\u0440\u0438\u043b\u0435\u0442\u0430\u0439\u0442\u0435 \u0437\u0430 \u043d\u0438\u043c\u0438 \u0438 \u043d\u0435 \u043f\u043e\u0436\u0430\u043b\u0435\u0435\u0442\u0435!","robots":{"index":"index","follow":"follow","max-snippet":"max-snippet:-1","max-image-preview":"max-image-preview:large","max-video-preview":"max-video-preview:-1"},"canonical":"https:\/\/monarctique.com\/fr\/partners\/","og_locale":"fr_FR","og_type":"article","og_title":"\u041f\u0430\u0440\u0442\u043d\u0435\u0440\u0430\u043c - \u041c\u043e\u044f \u0410\u0440\u043a\u0442\u0438\u043a\u0430","og_description":"\u041d\u0430\u0434\u0435\u0436\u043d\u044b\u0435 \u0438 \u043f\u0440\u043e\u0444\u0435\u0441\u0441\u0438\u043e\u043d\u0430\u043b\u044c\u043d\u044b\u0435 \u0433\u0438\u0434\u044b-\u043f\u0435\u0440\u0435\u0432\u043e\u0434\u0447\u0438\u043a\u0438. \u0423\u0441\u0442\u0440\u043e\u0439\u0442\u0435 \u0441\u0435\u0431\u0435 \u043f\u0435\u0440\u0435\u0437\u0430\u0433\u0440\u0443\u0437\u043a\u0443 \u0438 \u043f\u043e\u0434\u0430\u0440\u0438\u0442\u0435 \u043e\u0442\u0434\u044b\u0445, \u043a\u043e\u0442\u043e\u0440\u044b\u0439 \u0432\u0430\u043c \u0442\u0430\u043a \u043d\u0443\u0436\u0435\u043d. \u041f\u0440\u0438\u043b\u0435\u0442\u0430\u0439\u0442\u0435 \u0437\u0430 \u043d\u0438\u043c\u0438 \u0438 \u043d\u0435 \u043f\u043e\u0436\u0430\u043b\u0435\u0435\u0442\u0435!","og_url":"https:\/\/monarctique.com\/fr\/partners\/","og_site_name":"\u041c\u043e\u044f \u0410\u0440\u043a\u0442\u0438\u043a\u0430","article_modified_time":"2022-08-03T10:48:22+00:00","twitter_card":"summary_large_image","schema":{"@context":"https:\/\/schema.org","@graph":[{"@type":"WebPage","@id":"https:\/\/monarctique.com\/partners\/","url":"https:\/\/monarctique.com\/partners\/","name":"\u041f\u0430\u0440\u0442\u043d\u0435\u0440\u0430\u043c - \u041c\u043e\u044f \u0410\u0440\u043a\u0442\u0438\u043a\u0430","isPartOf":{"@id":"https:\/\/monarctique.com\/#website"},"datePublished":"2022-07-23T17:53:59+00:00","dateModified":"2022-08-03T10:48:22+00:00","description":"\u041d\u0430\u0434\u0435\u0436\u043d\u044b\u0435 \u0438 \u043f\u0440\u043e\u0444\u0435\u0441\u0441\u0438\u043e\u043d\u0430\u043b\u044c\u043d\u044b\u0435 \u0433\u0438\u0434\u044b-\u043f\u0435\u0440\u0435\u0432\u043e\u0434\u0447\u0438\u043a\u0438. \u0423\u0441\u0442\u0440\u043e\u0439\u0442\u0435 \u0441\u0435\u0431\u0435 \u043f\u0435\u0440\u0435\u0437\u0430\u0433\u0440\u0443\u0437\u043a\u0443 \u0438 \u043f\u043e\u0434\u0430\u0440\u0438\u0442\u0435 \u043e\u0442\u0434\u044b\u0445, \u043a\u043e\u0442\u043e\u0440\u044b\u0439 \u0432\u0430\u043c \u0442\u0430\u043a \u043d\u0443\u0436\u0435\u043d. \u041f\u0440\u0438\u043b\u0435\u0442\u0430\u0439\u0442\u0435 \u0437\u0430 \u043d\u0438\u043c\u0438 \u0438 \u043d\u0435 \u043f\u043e\u0436\u0430\u043b\u0435\u0435\u0442\u0435!","breadcrumb":{"@id":"https:\/\/monarctique.com\/partners\/#breadcrumb"},"inLanguage":"fr-FR","potentialAction":[{"@type":"ReadAction","target":["https:\/\/monarctique.com\/partners\/"]}]},{"@type":"BreadcrumbList","@id":"https:\/\/monarctique.com\/partners\/#breadcrumb","itemListElement":[{"@type":"ListItem","position":1,"name":"\u0413\u043b\u0430\u0432\u043d\u0430\u044f","item":"https:\/\/monarctique.com\/"},{"@type":"ListItem","position":2,"name":"\u041f\u0430\u0440\u0442\u043d\u0435\u0440\u0430\u043c"}]},{"@type":"WebSite","@id":"https:\/\/monarctique.com\/#website","url":"https:\/\/monarctique.com\/","name":"\u041c\u043e\u044f \u0410\u0440\u043a\u0442\u0438\u043a\u0430","description":"\u041d\u0430\u0434\u0435\u0436\u043d\u044b\u0435 \u0438 \u043f\u0440\u043e\u0444\u0435\u0441\u0441\u0438\u043e\u043d\u0430\u043b\u044c\u043d\u044b\u0435 \u0433\u0438\u0434\u044b-\u043f\u0435\u0440\u0435\u0432\u043e\u0434\u0447\u0438\u043a\u0438. \u0423\u0441\u0442\u0440\u043e\u0439\u0442\u0435 \u0441\u0435\u0431\u0435 \u043f\u0435\u0440\u0435\u0437\u0430\u0433\u0440\u0443\u0437\u043a\u0443 \u0438 \u043f\u043e\u0434\u0430\u0440\u0438\u0442\u0435 \u043e\u0442\u0434\u044b\u0445, \u043a\u043e\u0442\u043e\u0440\u044b\u0439 \u0432\u0430\u043c \u0442\u0430\u043a \u043d\u0443\u0436\u0435\u043d. \u041f\u0440\u0438\u043b\u0435\u0442\u0430\u0439\u0442\u0435 \u0437\u0430 \u043d\u0438\u043c\u0438 \u0438 \u043d\u0435 \u043f\u043e\u0436\u0430\u043b\u0435\u0435\u0442\u0435!","publisher":{"@id":"https:\/\/monarctique.com\/#organization"},"potentialAction":[{"@type":"SearchAction","target":{"@type":"EntryPoint","urlTemplate":"https:\/\/monarctique.com\/?s={search_term_string}"},"query-input":{"@type":"PropertyValueSpecification","valueRequired":true,"valueName":"search_term_string"}}],"inLanguage":"fr-FR"},{"@type":"Organization","@id":"https:\/\/monarctique.com\/#organization","name":"\u041c\u043e\u044f \u0410\u0440\u043a\u0442\u0438\u043a\u0430 \u2014 \u0422\u0443\u0440\u044b \u0438 \u044d\u043a\u0441\u043a\u0443\u0440\u0441\u0438\u0438 \u043f\u043e \u041a\u043e\u043b\u044c\u0441\u043a\u043e\u043c\u0443 \u043f\u043e\u043b\u0443\u043e\u0441\u0442\u0440\u043e\u0432\u0443","url":"https:\/\/monarctique.com\/","logo":{"@type":"ImageObject","inLanguage":"fr-FR","@id":"https:\/\/monarctique.com\/#\/schema\/logo\/image\/","url":"https:\/\/monarctique.com\/wp-content\/uploads\/2022\/07\/Logo-1.svg","contentUrl":"https:\/\/monarctique.com\/wp-content\/uploads\/2022\/07\/Logo-1.svg","width":96,"height":122,"caption":"\u041c\u043e\u044f \u0410\u0440\u043a\u0442\u0438\u043a\u0430 \u2014 \u0422\u0443\u0440\u044b \u0438 \u044d\u043a\u0441\u043a\u0443\u0440\u0441\u0438\u0438 \u043f\u043e \u041a\u043e\u043b\u044c\u0441\u043a\u043e\u043c\u0443 \u043f\u043e\u043b\u0443\u043e\u0441\u0442\u0440\u043e\u0432\u0443"},"image":{"@id":"https:\/\/monarctique.com\/#\/schema\/logo\/image\/"},"sameAs":["https:\/\/vk.com\/monarctique"]}]}},"_links":{"self":[{"href":"https:\/\/monarctique.com\/fr\/wp-json\/wp\/v2\/pages\/3474","targetHints":{"allow":["GET"]}}],"collection":[{"href":"https:\/\/monarctique.com\/fr\/wp-json\/wp\/v2\/pages"}],"about":[{"href":"https:\/\/monarctique.com\/fr\/wp-json\/wp\/v2\/types\/page"}],"author":[{"embeddable":true,"href":"https:\/\/monarctique.com\/fr\/wp-json\/wp\/v2\/users\/1"}],"replies":[{"embeddable":true,"href":"https:\/\/monarctique.com\/fr\/wp-json\/wp\/v2\/comments?post=3474"}],"version-history":[{"count":0,"href":"https:\/\/monarctique.com\/fr\/wp-json\/wp\/v2\/pages\/3474\/revisions"}],"wp:attachment":[{"href":"https:\/\/monarctique.com\/fr\/wp-json\/wp\/v2\/media?parent=3474"}],"curies":[{"name":"wp","href":"https:\/\/api.w.org\/{rel}","templated":true}]}}