{"id":3514,"date":"2022-07-23T22:33:00","date_gmt":"2022-07-23T19:33:00","guid":{"rendered":"https:\/\/monarctique.com\/?page_id=3514"},"modified":"2026-02-10T16:50:49","modified_gmt":"2026-02-10T13:50:49","slug":"guides","status":"publish","type":"page","link":"https:\/\/monarctique.com\/fr\/guides\/","title":{"rendered":"Nos guides"},"content":{"rendered":"<div data-elementor-type=\"wp-page\" data-elementor-id=\"3514\" class=\"elementor elementor-3514\" data-elementor-post-type=\"page\">\n\t\t\t\t\t\t<section class=\"xts-negative-gap elementor-section elementor-top-section elementor-element elementor-element-77e8d83 elementor-section-boxed elementor-section-height-default elementor-section-height-default xts-section-disabled\" data-id=\"77e8d83\" data-element_type=\"section\" data-settings=\"{&quot;background_background&quot;:&quot;classic&quot;}\">\n\t\t\t\t\t\t<div class=\"elementor-container elementor-column-gap-default\">\n\t\t\t\t\t<div class=\"elementor-column elementor-col-50 elementor-top-column elementor-element elementor-element-9141e03\" data-id=\"9141e03\" data-element_type=\"column\">\n\t\t\t<div class=\"elementor-widget-wrap elementor-element-populated\">\n\t\t\t\t\t\t<div class=\"elementor-element elementor-element-4238769 elementor-widget elementor-widget-image\" data-id=\"4238769\" data-element_type=\"widget\" data-widget_type=\"image.default\">\n\t\t\t\t\t\t\t\t\t\t\t\t\t\t\t<img fetchpriority=\"high\" decoding=\"async\" width=\"576\" height=\"1024\" src=\"https:\/\/monarctique.com\/wp-content\/uploads\/2025\/08\/img_8943-1-576x1024.jpg\" class=\"attachment-large size-large wp-image-4567\" alt=\"\" srcset=\"https:\/\/monarctique.com\/wp-content\/uploads\/2025\/08\/img_8943-1-576x1024.jpg 576w, https:\/\/monarctique.com\/wp-content\/uploads\/2025\/08\/img_8943-1-281x500.jpg 281w, https:\/\/monarctique.com\/wp-content\/uploads\/2025\/08\/img_8943-1-768x1366.jpg 768w, https:\/\/monarctique.com\/wp-content\/uploads\/2025\/08\/img_8943-1-863x1536.jpg 863w, https:\/\/monarctique.com\/wp-content\/uploads\/2025\/08\/img_8943-1-1151x2048.jpg 1151w, https:\/\/monarctique.com\/wp-content\/uploads\/2025\/08\/img_8943-1-7x12.jpg 7w, https:\/\/monarctique.com\/wp-content\/uploads\/2025\/08\/img_8943-1-600x1067.jpg 600w, https:\/\/monarctique.com\/wp-content\/uploads\/2025\/08\/img_8943-1-200x356.jpg 200w, https:\/\/monarctique.com\/wp-content\/uploads\/2025\/08\/img_8943-1.jpg 1439w\" sizes=\"(max-width: 576px) 100vw, 576px\" \/>\t\t\t\t\t\t\t\t\t\t\t\t\t\t\t<\/div>\n\t\t\t\t\t<\/div>\n\t\t<\/div>\n\t\t\t\t<div class=\"elementor-column elementor-col-50 elementor-top-column elementor-element elementor-element-2295ff8\" data-id=\"2295ff8\" data-element_type=\"column\">\n\t\t\t<div class=\"elementor-widget-wrap elementor-element-populated\">\n\t\t\t\t\t\t<div class=\"elementor-element elementor-element-fac445e elementor-widget elementor-widget-heading\" data-id=\"fac445e\" data-element_type=\"widget\" data-widget_type=\"heading.default\">\n\t\t\t\t\t<h2 class=\"elementor-heading-title elementor-size-default\">Irina Karazhinene \n<\/h2>\t\t\t\t<\/div>\n\t\t\t\t<div class=\"elementor-element elementor-element-00fd5dd xts-scheme-inherit xts-textalign-inherit elementor-widget elementor-widget-text-editor\" data-id=\"00fd5dd\" data-element_type=\"widget\" data-widget_type=\"text-editor.default\">\n\t\t\t\t\t\t\t\t\t<p><span style=\"font-weight: 400;\">Je m'appelle Irina et je suis le fondateur du projet \u00abMon Arctique\u00bb et la guide en P\u00e9ninsule de Kola.\u00a0<\/span><\/p><p><span style=\"font-weight: 400;\">J\u2019ai deux formations sup\u00e9rieures (facult\u00e9 des langues \u00e9trang\u00e8res et facult\u00e9 de r\u00e9gulation de l'\u00e9conomie d'\u00e9tat), et une grande exp\u00e9rience dans le travail dans le Tourisme \u00e9ducatif international, les visites et les excursions, avec des croisi\u00e8res et avec des invit\u00e9s \u00e9trangers de la ville!<\/span><\/p><p><span style=\"font-weight: 400;\">Je serai heureuse de vous faire visiter la ville, les Huskies \u00e0 fourrure et les Samis et les Rennes, ou au bout de la terre \u2013 \u00e0 teriberka.<\/span><\/p><p><span style=\"font-weight: 400;\">N'importe quel itin\u00e9raire en russe, anglais, fran\u00e7ais.<\/span><\/p>\t\t\t\t\t\t\t\t<\/div>\n\t\t\t\t\t<\/div>\n\t\t<\/div>\n\t\t\t\t\t<\/div>\n\t\t<\/section>\n\t\t\t\t<section class=\"xts-negative-gap elementor-section elementor-top-section elementor-element elementor-element-842750b elementor-section-boxed elementor-section-height-default elementor-section-height-default xts-section-disabled\" data-id=\"842750b\" data-element_type=\"section\" data-settings=\"{&quot;background_background&quot;:&quot;classic&quot;}\">\n\t\t\t\t\t\t<div class=\"elementor-container elementor-column-gap-default\">\n\t\t\t\t\t<div class=\"elementor-column elementor-col-50 elementor-top-column elementor-element elementor-element-2146e0d\" data-id=\"2146e0d\" data-element_type=\"column\">\n\t\t\t<div class=\"elementor-widget-wrap elementor-element-populated\">\n\t\t\t\t\t\t<div class=\"elementor-element elementor-element-cd07ead elementor-widget elementor-widget-image\" data-id=\"cd07ead\" data-element_type=\"widget\" data-widget_type=\"image.default\">\n\t\t\t\t\t\t\t\t\t\t\t\t\t\t\t<img decoding=\"async\" width=\"768\" height=\"1024\" src=\"https:\/\/monarctique.com\/wp-content\/uploads\/2022\/07\/denis-1-768x1024.webp\" class=\"attachment-large size-large wp-image-3526\" alt=\"\" srcset=\"https:\/\/monarctique.com\/wp-content\/uploads\/2022\/07\/denis-1-768x1024.webp 768w, https:\/\/monarctique.com\/wp-content\/uploads\/2022\/07\/denis-1-375x500.webp 375w, https:\/\/monarctique.com\/wp-content\/uploads\/2022\/07\/denis-1-9x12.webp 9w, https:\/\/monarctique.com\/wp-content\/uploads\/2022\/07\/denis-1-600x800.webp 600w, https:\/\/monarctique.com\/wp-content\/uploads\/2022\/07\/denis-1-200x267.webp 200w, https:\/\/monarctique.com\/wp-content\/uploads\/2022\/07\/denis-1.webp 960w\" sizes=\"(max-width: 768px) 100vw, 768px\" \/>\t\t\t\t\t\t\t\t\t\t\t\t\t\t\t<\/div>\n\t\t\t\t\t<\/div>\n\t\t<\/div>\n\t\t\t\t<div class=\"elementor-column elementor-col-50 elementor-top-column elementor-element elementor-element-a05e1a9\" data-id=\"a05e1a9\" data-element_type=\"column\">\n\t\t\t<div class=\"elementor-widget-wrap elementor-element-populated\">\n\t\t\t\t\t\t<div class=\"elementor-element elementor-element-67f9d81 elementor-widget elementor-widget-heading\" data-id=\"67f9d81\" data-element_type=\"widget\" data-widget_type=\"heading.default\">\n\t\t\t\t\t<h2 class=\"elementor-heading-title elementor-size-default\">Denis Ilyaschenko\n<\/h2>\t\t\t\t<\/div>\n\t\t\t\t<div class=\"elementor-element elementor-element-2233b3c xts-scheme-inherit xts-textalign-inherit elementor-widget elementor-widget-text-editor\" data-id=\"2233b3c\" data-element_type=\"widget\" data-widget_type=\"text-editor.default\">\n\t\t\t\t\t\t\t\t\t<p>Je m'appelle Denis, et je suis l'organisateur du projet \"Mon Arctique\" et un guide en P\u00e9ninsule de Kola avec une richesse exp\u00e9rience et connaissances sur la r\u00e9gion! Si vous choisissez une excursion \u00e0 Teriberka, la p\u00eache, ou m\u00eame la randonn\u00e9e ou la chasse aux aurores bor\u00e9ales ou aux baleines, alors f\u00e9licitations, vous avez trouv\u00e9 votre guide!\u00a0<\/p><p>J'ai beaucoup d'exp\u00e9rience dans l'organisation du travail, je r\u00e9soudrai rapidement tout probl\u00e8me, et avec mon sens de l'humour, les souvenirs de votre visite vous feront sourire longtemps!<\/p><p>Au cours de leur voyage, environ 4 000 touristes du monde entier m'ont dit \"OUI\" et ne l'ont pas regrett\u00e9!<\/p>\t\t\t\t\t\t\t\t<\/div>\n\t\t\t\t\t<\/div>\n\t\t<\/div>\n\t\t\t\t\t<\/div>\n\t\t<\/section>\n\t\t\t\t<section class=\"xts-negative-gap elementor-section elementor-top-section elementor-element elementor-element-426368d elementor-section-boxed elementor-section-height-default elementor-section-height-default xts-section-disabled\" data-id=\"426368d\" data-element_type=\"section\">\n\t\t\t\t\t\t<div class=\"elementor-container elementor-column-gap-default\">\n\t\t\t\t\t<div class=\"elementor-column elementor-col-100 elementor-top-column elementor-element elementor-element-b668a13\" data-id=\"b668a13\" data-element_type=\"column\">\n\t\t\t<div class=\"elementor-widget-wrap elementor-element-populated\">\n\t\t\t\t\t\t<div class=\"elementor-element elementor-element-0584519 elementor-tablet-align-center elementor-align-center elementor-widget elementor-widget-button\" data-id=\"0584519\" data-element_type=\"widget\" data-widget_type=\"button.default\">\n\t\t\t\t\t\t\t\t\t\t<a class=\"elementor-button elementor-button-link elementor-size-sm\" href=\"#elementor-action%3Aaction%3Dpopup%3Aopen%26settings%3DeyJpZCI6IjI5NjMiLCJ0b2dnbGUiOmZhbHNlfQ%3D%3D\">\n\t\t\t\t\t\t<span class=\"elementor-button-content-wrapper\">\n\t\t\t\t\t\t\t\t\t<span class=\"elementor-button-text\">Contactez-nous<\/span>\n\t\t\t\t\t<\/span>\n\t\t\t\t\t<\/a>\n\t\t\t\t\t\t\t\t<\/div>\n\t\t\t\t\t<\/div>\n\t\t<\/div>\n\t\t\t\t\t<\/div>\n\t\t<\/section>\n\t\t\t\t<\/div>","protected":false},"excerpt":{"rendered":"<p>\u0418\u0440\u0438\u043d\u0430 \u041a\u0430\u0440\u0430\u0436\u0438\u043d\u0435\u043d\u0435 \u041c\u0435\u043d\u044f \u0437\u043e\u0432\u0443\u0442 \u0418\u0440\u0438\u043d\u0430, \u0438 \u044f \u2013 \u043e\u0441\u043d\u043e\u0432\u0430\u0442\u0435\u043b\u044c \u043f\u0440\u043e\u0435\u043a\u0442\u0430 \u00ab\u041c\u043e\u044f \u0410\u0440\u043a\u0442\u0438\u043a\u0430\u00bb \u0438 \u0433\u0438\u0434 \u043f\u043e \u041a\u043e\u043b\u044c\u0441\u043a\u043e\u043c\u0443 \u043a\u0440\u0430\u044e.\u00a0 \u0417\u0430 \u043f\u043b\u0435\u0447\u0430\u043c\u0438 \u0443 \u043c\u0435\u043d\u044f \u0434\u0432\u0430 \u0432\u044b\u0441\u0448\u0438\u0445 \u043e\u0431\u0440\u0430\u0437\u043e\u0432\u0430\u043d\u0438\u044f (\u0444\u0430\u043a\u0443\u043b\u044c\u0442\u0435\u0442 \u0438\u043d\u043e\u0441\u0442\u0440\u0430\u043d\u043d\u044b\u0445 \u044f\u0437\u044b\u043a\u043e\u0432 \u0438 \u0444\u0430\u043a\u0443\u043b\u044c\u0442\u0435\u0442 \u0433\u043e\u0441\u0443\u0434\u0430\u0440\u0441\u0442\u0432\u0435\u043d\u043d\u043e\u0433\u043e \u0440\u0435\u0433\u0443\u043b\u0438\u0440\u043e\u0432\u0430\u043d\u0438\u044f \u044d\u043a\u043e\u043d\u043e\u043c\u0438\u043a\u043e\u0439), \u0430 \u0435\u0449\u0435 \u0431\u043e\u043b\u044c\u0448\u043e\u0439 \u043e\u043f\u044b\u0442 \u0432 \u0440\u0430\u0431\u043e\u0442\u0435 \u0432 \u043c\u0435\u0436\u0434\u0443\u043d\u0430\u0440\u043e\u0434\u043d\u043e\u043c \u043e\u0431\u0440\u0430\u0437\u043e\u0432\u0430\u0442\u0435\u043b\u044c\u043d\u043e\u043c \u0442\u0443\u0440\u0438\u0437\u043c\u0435, \u0442\u0443\u0440\u0430\u0445 \u0438 \u044d\u043a\u0441\u043a\u0443\u0440\u0441\u0438\u044f\u0445, \u0441 \u043a\u0440\u0443\u0438\u0437\u0430\u043c\u0438 \u0438 \u0441 \u0438\u043d\u043e\u0441\u0442\u0440\u0430\u043d\u043d\u044b\u043c\u0438 \u0433\u043e\u0441\u0442\u044f\u043c\u0438 \u0433\u043e\u0440\u043e\u0434\u0430. \u042f \u0441 \u0443\u0434\u043e\u0432\u043e\u043b\u044c\u0441\u0442\u0432\u0438\u0435\u043c [&hellip;]<\/p>","protected":false},"author":1,"featured_media":0,"parent":0,"menu_order":0,"comment_status":"closed","ping_status":"closed","template":"","meta":{"_acf_changed":false,"footnotes":""},"class_list":["post-3514","page","type-page","status-publish","hentry"],"acf":[],"yoast_head":"<!-- This site is optimized with the Yoast SEO plugin v26.3 - https:\/\/yoast.com\/wordpress\/plugins\/seo\/ -->\n<title>\u041d\u0430\u0448\u0438 \u0433\u0438\u0434\u044b - \u041c\u043e\u044f \u0410\u0440\u043a\u0442\u0438\u043a\u0430<\/title>\n<meta name=\"description\" content=\"\u041d\u0430\u0434\u0435\u0436\u043d\u044b\u0435 \u0438 \u043f\u0440\u043e\u0444\u0435\u0441\u0441\u0438\u043e\u043d\u0430\u043b\u044c\u043d\u044b\u0435 \u0433\u0438\u0434\u044b-\u043f\u0435\u0440\u0435\u0432\u043e\u0434\u0447\u0438\u043a\u0438. \u0423\u0441\u0442\u0440\u043e\u0439\u0442\u0435 \u0441\u0435\u0431\u0435 \u043f\u0435\u0440\u0435\u0437\u0430\u0433\u0440\u0443\u0437\u043a\u0443 \u0438 \u043f\u043e\u0434\u0430\u0440\u0438\u0442\u0435 \u043e\u0442\u0434\u044b\u0445, \u043a\u043e\u0442\u043e\u0440\u044b\u0439 \u0432\u0430\u043c \u0442\u0430\u043a \u043d\u0443\u0436\u0435\u043d. \u041f\u0440\u0438\u043b\u0435\u0442\u0430\u0439\u0442\u0435 \u0437\u0430 \u043d\u0438\u043c\u0438 \u0438 \u043d\u0435 \u043f\u043e\u0436\u0430\u043b\u0435\u0435\u0442\u0435!\" \/>\n<meta name=\"robots\" content=\"index, follow, max-snippet:-1, max-image-preview:large, max-video-preview:-1\" \/>\n<link rel=\"canonical\" href=\"https:\/\/monarctique.com\/fr\/guides\/\" \/>\n<meta property=\"og:locale\" content=\"fr_FR\" \/>\n<meta property=\"og:type\" content=\"article\" \/>\n<meta property=\"og:title\" content=\"\u041d\u0430\u0448\u0438 \u0433\u0438\u0434\u044b - \u041c\u043e\u044f \u0410\u0440\u043a\u0442\u0438\u043a\u0430\" \/>\n<meta property=\"og:description\" content=\"\u041d\u0430\u0434\u0435\u0436\u043d\u044b\u0435 \u0438 \u043f\u0440\u043e\u0444\u0435\u0441\u0441\u0438\u043e\u043d\u0430\u043b\u044c\u043d\u044b\u0435 \u0433\u0438\u0434\u044b-\u043f\u0435\u0440\u0435\u0432\u043e\u0434\u0447\u0438\u043a\u0438. \u0423\u0441\u0442\u0440\u043e\u0439\u0442\u0435 \u0441\u0435\u0431\u0435 \u043f\u0435\u0440\u0435\u0437\u0430\u0433\u0440\u0443\u0437\u043a\u0443 \u0438 \u043f\u043e\u0434\u0430\u0440\u0438\u0442\u0435 \u043e\u0442\u0434\u044b\u0445, \u043a\u043e\u0442\u043e\u0440\u044b\u0439 \u0432\u0430\u043c \u0442\u0430\u043a \u043d\u0443\u0436\u0435\u043d. \u041f\u0440\u0438\u043b\u0435\u0442\u0430\u0439\u0442\u0435 \u0437\u0430 \u043d\u0438\u043c\u0438 \u0438 \u043d\u0435 \u043f\u043e\u0436\u0430\u043b\u0435\u0435\u0442\u0435!\" \/>\n<meta property=\"og:url\" content=\"https:\/\/monarctique.com\/fr\/guides\/\" \/>\n<meta property=\"og:site_name\" content=\"\u041c\u043e\u044f \u0410\u0440\u043a\u0442\u0438\u043a\u0430\" \/>\n<meta property=\"article:modified_time\" content=\"2026-02-10T13:50:49+00:00\" \/>\n<meta property=\"og:image\" content=\"https:\/\/monarctique.com\/wp-content\/uploads\/2025\/08\/img_8943-1.jpg\" \/>\n\t<meta property=\"og:image:width\" content=\"1439\" \/>\n\t<meta property=\"og:image:height\" content=\"2560\" \/>\n\t<meta property=\"og:image:type\" content=\"image\/jpeg\" \/>\n<meta name=\"twitter:card\" content=\"summary_large_image\" \/>\n<script type=\"application\/ld+json\" class=\"yoast-schema-graph\">{\"@context\":\"https:\/\/schema.org\",\"@graph\":[{\"@type\":\"WebPage\",\"@id\":\"https:\/\/monarctique.com\/guides\/\",\"url\":\"https:\/\/monarctique.com\/guides\/\",\"name\":\"\u041d\u0430\u0448\u0438 \u0433\u0438\u0434\u044b - \u041c\u043e\u044f \u0410\u0440\u043a\u0442\u0438\u043a\u0430\",\"isPartOf\":{\"@id\":\"https:\/\/monarctique.com\/#website\"},\"primaryImageOfPage\":{\"@id\":\"https:\/\/monarctique.com\/guides\/#primaryimage\"},\"image\":{\"@id\":\"https:\/\/monarctique.com\/guides\/#primaryimage\"},\"thumbnailUrl\":\"https:\/\/monarctique.com\/wp-content\/uploads\/2025\/08\/img_8943-1-576x1024.jpg\",\"datePublished\":\"2022-07-23T19:33:00+00:00\",\"dateModified\":\"2026-02-10T13:50:49+00:00\",\"description\":\"\u041d\u0430\u0434\u0435\u0436\u043d\u044b\u0435 \u0438 \u043f\u0440\u043e\u0444\u0435\u0441\u0441\u0438\u043e\u043d\u0430\u043b\u044c\u043d\u044b\u0435 \u0433\u0438\u0434\u044b-\u043f\u0435\u0440\u0435\u0432\u043e\u0434\u0447\u0438\u043a\u0438. \u0423\u0441\u0442\u0440\u043e\u0439\u0442\u0435 \u0441\u0435\u0431\u0435 \u043f\u0435\u0440\u0435\u0437\u0430\u0433\u0440\u0443\u0437\u043a\u0443 \u0438 \u043f\u043e\u0434\u0430\u0440\u0438\u0442\u0435 \u043e\u0442\u0434\u044b\u0445, \u043a\u043e\u0442\u043e\u0440\u044b\u0439 \u0432\u0430\u043c \u0442\u0430\u043a \u043d\u0443\u0436\u0435\u043d. \u041f\u0440\u0438\u043b\u0435\u0442\u0430\u0439\u0442\u0435 \u0437\u0430 \u043d\u0438\u043c\u0438 \u0438 \u043d\u0435 \u043f\u043e\u0436\u0430\u043b\u0435\u0435\u0442\u0435!\",\"breadcrumb\":{\"@id\":\"https:\/\/monarctique.com\/guides\/#breadcrumb\"},\"inLanguage\":\"fr-FR\",\"potentialAction\":[{\"@type\":\"ReadAction\",\"target\":[\"https:\/\/monarctique.com\/guides\/\"]}]},{\"@type\":\"ImageObject\",\"inLanguage\":\"fr-FR\",\"@id\":\"https:\/\/monarctique.com\/guides\/#primaryimage\",\"url\":\"https:\/\/monarctique.com\/wp-content\/uploads\/2025\/08\/img_8943-1-576x1024.jpg\",\"contentUrl\":\"https:\/\/monarctique.com\/wp-content\/uploads\/2025\/08\/img_8943-1-576x1024.jpg\"},{\"@type\":\"BreadcrumbList\",\"@id\":\"https:\/\/monarctique.com\/guides\/#breadcrumb\",\"itemListElement\":[{\"@type\":\"ListItem\",\"position\":1,\"name\":\"\u0413\u043b\u0430\u0432\u043d\u0430\u044f\",\"item\":\"https:\/\/monarctique.com\/\"},{\"@type\":\"ListItem\",\"position\":2,\"name\":\"\u041d\u0430\u0448\u0438 \u0433\u0438\u0434\u044b\"}]},{\"@type\":\"WebSite\",\"@id\":\"https:\/\/monarctique.com\/#website\",\"url\":\"https:\/\/monarctique.com\/\",\"name\":\"\u041c\u043e\u044f \u0410\u0440\u043a\u0442\u0438\u043a\u0430\",\"description\":\"\u041d\u0430\u0434\u0435\u0436\u043d\u044b\u0435 \u0438 \u043f\u0440\u043e\u0444\u0435\u0441\u0441\u0438\u043e\u043d\u0430\u043b\u044c\u043d\u044b\u0435 \u0433\u0438\u0434\u044b-\u043f\u0435\u0440\u0435\u0432\u043e\u0434\u0447\u0438\u043a\u0438. \u0423\u0441\u0442\u0440\u043e\u0439\u0442\u0435 \u0441\u0435\u0431\u0435 \u043f\u0435\u0440\u0435\u0437\u0430\u0433\u0440\u0443\u0437\u043a\u0443 \u0438 \u043f\u043e\u0434\u0430\u0440\u0438\u0442\u0435 \u043e\u0442\u0434\u044b\u0445, \u043a\u043e\u0442\u043e\u0440\u044b\u0439 \u0432\u0430\u043c \u0442\u0430\u043a \u043d\u0443\u0436\u0435\u043d. \u041f\u0440\u0438\u043b\u0435\u0442\u0430\u0439\u0442\u0435 \u0437\u0430 \u043d\u0438\u043c\u0438 \u0438 \u043d\u0435 \u043f\u043e\u0436\u0430\u043b\u0435\u0435\u0442\u0435!\",\"publisher\":{\"@id\":\"https:\/\/monarctique.com\/#organization\"},\"potentialAction\":[{\"@type\":\"SearchAction\",\"target\":{\"@type\":\"EntryPoint\",\"urlTemplate\":\"https:\/\/monarctique.com\/?s={search_term_string}\"},\"query-input\":{\"@type\":\"PropertyValueSpecification\",\"valueRequired\":true,\"valueName\":\"search_term_string\"}}],\"inLanguage\":\"fr-FR\"},{\"@type\":\"Organization\",\"@id\":\"https:\/\/monarctique.com\/#organization\",\"name\":\"\u041c\u043e\u044f \u0410\u0440\u043a\u0442\u0438\u043a\u0430 \u2014 \u0422\u0443\u0440\u044b \u0438 \u044d\u043a\u0441\u043a\u0443\u0440\u0441\u0438\u0438 \u043f\u043e \u041a\u043e\u043b\u044c\u0441\u043a\u043e\u043c\u0443 \u043f\u043e\u043b\u0443\u043e\u0441\u0442\u0440\u043e\u0432\u0443\",\"url\":\"https:\/\/monarctique.com\/\",\"logo\":{\"@type\":\"ImageObject\",\"inLanguage\":\"fr-FR\",\"@id\":\"https:\/\/monarctique.com\/#\/schema\/logo\/image\/\",\"url\":\"https:\/\/monarctique.com\/wp-content\/uploads\/2022\/07\/Logo-1.svg\",\"contentUrl\":\"https:\/\/monarctique.com\/wp-content\/uploads\/2022\/07\/Logo-1.svg\",\"width\":96,\"height\":122,\"caption\":\"\u041c\u043e\u044f \u0410\u0440\u043a\u0442\u0438\u043a\u0430 \u2014 \u0422\u0443\u0440\u044b \u0438 \u044d\u043a\u0441\u043a\u0443\u0440\u0441\u0438\u0438 \u043f\u043e \u041a\u043e\u043b\u044c\u0441\u043a\u043e\u043c\u0443 \u043f\u043e\u043b\u0443\u043e\u0441\u0442\u0440\u043e\u0432\u0443\"},\"image\":{\"@id\":\"https:\/\/monarctique.com\/#\/schema\/logo\/image\/\"},\"sameAs\":[\"https:\/\/vk.com\/monarctique\"]}]}<\/script>\n<!-- \/ Yoast SEO plugin. -->","yoast_head_json":{"title":"\u041d\u0430\u0448\u0438 \u0433\u0438\u0434\u044b - \u041c\u043e\u044f \u0410\u0440\u043a\u0442\u0438\u043a\u0430","description":"\u041d\u0430\u0434\u0435\u0436\u043d\u044b\u0435 \u0438 \u043f\u0440\u043e\u0444\u0435\u0441\u0441\u0438\u043e\u043d\u0430\u043b\u044c\u043d\u044b\u0435 \u0433\u0438\u0434\u044b-\u043f\u0435\u0440\u0435\u0432\u043e\u0434\u0447\u0438\u043a\u0438. \u0423\u0441\u0442\u0440\u043e\u0439\u0442\u0435 \u0441\u0435\u0431\u0435 \u043f\u0435\u0440\u0435\u0437\u0430\u0433\u0440\u0443\u0437\u043a\u0443 \u0438 \u043f\u043e\u0434\u0430\u0440\u0438\u0442\u0435 \u043e\u0442\u0434\u044b\u0445, \u043a\u043e\u0442\u043e\u0440\u044b\u0439 \u0432\u0430\u043c \u0442\u0430\u043a \u043d\u0443\u0436\u0435\u043d. \u041f\u0440\u0438\u043b\u0435\u0442\u0430\u0439\u0442\u0435 \u0437\u0430 \u043d\u0438\u043c\u0438 \u0438 \u043d\u0435 \u043f\u043e\u0436\u0430\u043b\u0435\u0435\u0442\u0435!","robots":{"index":"index","follow":"follow","max-snippet":"max-snippet:-1","max-image-preview":"max-image-preview:large","max-video-preview":"max-video-preview:-1"},"canonical":"https:\/\/monarctique.com\/fr\/guides\/","og_locale":"fr_FR","og_type":"article","og_title":"\u041d\u0430\u0448\u0438 \u0433\u0438\u0434\u044b - \u041c\u043e\u044f \u0410\u0440\u043a\u0442\u0438\u043a\u0430","og_description":"\u041d\u0430\u0434\u0435\u0436\u043d\u044b\u0435 \u0438 \u043f\u0440\u043e\u0444\u0435\u0441\u0441\u0438\u043e\u043d\u0430\u043b\u044c\u043d\u044b\u0435 \u0433\u0438\u0434\u044b-\u043f\u0435\u0440\u0435\u0432\u043e\u0434\u0447\u0438\u043a\u0438. \u0423\u0441\u0442\u0440\u043e\u0439\u0442\u0435 \u0441\u0435\u0431\u0435 \u043f\u0435\u0440\u0435\u0437\u0430\u0433\u0440\u0443\u0437\u043a\u0443 \u0438 \u043f\u043e\u0434\u0430\u0440\u0438\u0442\u0435 \u043e\u0442\u0434\u044b\u0445, \u043a\u043e\u0442\u043e\u0440\u044b\u0439 \u0432\u0430\u043c \u0442\u0430\u043a \u043d\u0443\u0436\u0435\u043d. \u041f\u0440\u0438\u043b\u0435\u0442\u0430\u0439\u0442\u0435 \u0437\u0430 \u043d\u0438\u043c\u0438 \u0438 \u043d\u0435 \u043f\u043e\u0436\u0430\u043b\u0435\u0435\u0442\u0435!","og_url":"https:\/\/monarctique.com\/fr\/guides\/","og_site_name":"\u041c\u043e\u044f \u0410\u0440\u043a\u0442\u0438\u043a\u0430","article_modified_time":"2026-02-10T13:50:49+00:00","og_image":[{"width":1439,"height":2560,"url":"https:\/\/monarctique.com\/wp-content\/uploads\/2025\/08\/img_8943-1.jpg","type":"image\/jpeg"}],"twitter_card":"summary_large_image","schema":{"@context":"https:\/\/schema.org","@graph":[{"@type":"WebPage","@id":"https:\/\/monarctique.com\/guides\/","url":"https:\/\/monarctique.com\/guides\/","name":"\u041d\u0430\u0448\u0438 \u0433\u0438\u0434\u044b - \u041c\u043e\u044f \u0410\u0440\u043a\u0442\u0438\u043a\u0430","isPartOf":{"@id":"https:\/\/monarctique.com\/#website"},"primaryImageOfPage":{"@id":"https:\/\/monarctique.com\/guides\/#primaryimage"},"image":{"@id":"https:\/\/monarctique.com\/guides\/#primaryimage"},"thumbnailUrl":"https:\/\/monarctique.com\/wp-content\/uploads\/2025\/08\/img_8943-1-576x1024.jpg","datePublished":"2022-07-23T19:33:00+00:00","dateModified":"2026-02-10T13:50:49+00:00","description":"\u041d\u0430\u0434\u0435\u0436\u043d\u044b\u0435 \u0438 \u043f\u0440\u043e\u0444\u0435\u0441\u0441\u0438\u043e\u043d\u0430\u043b\u044c\u043d\u044b\u0435 \u0433\u0438\u0434\u044b-\u043f\u0435\u0440\u0435\u0432\u043e\u0434\u0447\u0438\u043a\u0438. \u0423\u0441\u0442\u0440\u043e\u0439\u0442\u0435 \u0441\u0435\u0431\u0435 \u043f\u0435\u0440\u0435\u0437\u0430\u0433\u0440\u0443\u0437\u043a\u0443 \u0438 \u043f\u043e\u0434\u0430\u0440\u0438\u0442\u0435 \u043e\u0442\u0434\u044b\u0445, \u043a\u043e\u0442\u043e\u0440\u044b\u0439 \u0432\u0430\u043c \u0442\u0430\u043a \u043d\u0443\u0436\u0435\u043d. \u041f\u0440\u0438\u043b\u0435\u0442\u0430\u0439\u0442\u0435 \u0437\u0430 \u043d\u0438\u043c\u0438 \u0438 \u043d\u0435 \u043f\u043e\u0436\u0430\u043b\u0435\u0435\u0442\u0435!","breadcrumb":{"@id":"https:\/\/monarctique.com\/guides\/#breadcrumb"},"inLanguage":"fr-FR","potentialAction":[{"@type":"ReadAction","target":["https:\/\/monarctique.com\/guides\/"]}]},{"@type":"ImageObject","inLanguage":"fr-FR","@id":"https:\/\/monarctique.com\/guides\/#primaryimage","url":"https:\/\/monarctique.com\/wp-content\/uploads\/2025\/08\/img_8943-1-576x1024.jpg","contentUrl":"https:\/\/monarctique.com\/wp-content\/uploads\/2025\/08\/img_8943-1-576x1024.jpg"},{"@type":"BreadcrumbList","@id":"https:\/\/monarctique.com\/guides\/#breadcrumb","itemListElement":[{"@type":"ListItem","position":1,"name":"\u0413\u043b\u0430\u0432\u043d\u0430\u044f","item":"https:\/\/monarctique.com\/"},{"@type":"ListItem","position":2,"name":"\u041d\u0430\u0448\u0438 \u0433\u0438\u0434\u044b"}]},{"@type":"WebSite","@id":"https:\/\/monarctique.com\/#website","url":"https:\/\/monarctique.com\/","name":"\u041c\u043e\u044f \u0410\u0440\u043a\u0442\u0438\u043a\u0430","description":"\u041d\u0430\u0434\u0435\u0436\u043d\u044b\u0435 \u0438 \u043f\u0440\u043e\u0444\u0435\u0441\u0441\u0438\u043e\u043d\u0430\u043b\u044c\u043d\u044b\u0435 \u0433\u0438\u0434\u044b-\u043f\u0435\u0440\u0435\u0432\u043e\u0434\u0447\u0438\u043a\u0438. \u0423\u0441\u0442\u0440\u043e\u0439\u0442\u0435 \u0441\u0435\u0431\u0435 \u043f\u0435\u0440\u0435\u0437\u0430\u0433\u0440\u0443\u0437\u043a\u0443 \u0438 \u043f\u043e\u0434\u0430\u0440\u0438\u0442\u0435 \u043e\u0442\u0434\u044b\u0445, \u043a\u043e\u0442\u043e\u0440\u044b\u0439 \u0432\u0430\u043c \u0442\u0430\u043a \u043d\u0443\u0436\u0435\u043d. \u041f\u0440\u0438\u043b\u0435\u0442\u0430\u0439\u0442\u0435 \u0437\u0430 \u043d\u0438\u043c\u0438 \u0438 \u043d\u0435 \u043f\u043e\u0436\u0430\u043b\u0435\u0435\u0442\u0435!","publisher":{"@id":"https:\/\/monarctique.com\/#organization"},"potentialAction":[{"@type":"SearchAction","target":{"@type":"EntryPoint","urlTemplate":"https:\/\/monarctique.com\/?s={search_term_string}"},"query-input":{"@type":"PropertyValueSpecification","valueRequired":true,"valueName":"search_term_string"}}],"inLanguage":"fr-FR"},{"@type":"Organization","@id":"https:\/\/monarctique.com\/#organization","name":"\u041c\u043e\u044f \u0410\u0440\u043a\u0442\u0438\u043a\u0430 \u2014 \u0422\u0443\u0440\u044b \u0438 \u044d\u043a\u0441\u043a\u0443\u0440\u0441\u0438\u0438 \u043f\u043e \u041a\u043e\u043b\u044c\u0441\u043a\u043e\u043c\u0443 \u043f\u043e\u043b\u0443\u043e\u0441\u0442\u0440\u043e\u0432\u0443","url":"https:\/\/monarctique.com\/","logo":{"@type":"ImageObject","inLanguage":"fr-FR","@id":"https:\/\/monarctique.com\/#\/schema\/logo\/image\/","url":"https:\/\/monarctique.com\/wp-content\/uploads\/2022\/07\/Logo-1.svg","contentUrl":"https:\/\/monarctique.com\/wp-content\/uploads\/2022\/07\/Logo-1.svg","width":96,"height":122,"caption":"\u041c\u043e\u044f \u0410\u0440\u043a\u0442\u0438\u043a\u0430 \u2014 \u0422\u0443\u0440\u044b \u0438 \u044d\u043a\u0441\u043a\u0443\u0440\u0441\u0438\u0438 \u043f\u043e \u041a\u043e\u043b\u044c\u0441\u043a\u043e\u043c\u0443 \u043f\u043e\u043b\u0443\u043e\u0441\u0442\u0440\u043e\u0432\u0443"},"image":{"@id":"https:\/\/monarctique.com\/#\/schema\/logo\/image\/"},"sameAs":["https:\/\/vk.com\/monarctique"]}]}},"_links":{"self":[{"href":"https:\/\/monarctique.com\/fr\/wp-json\/wp\/v2\/pages\/3514","targetHints":{"allow":["GET"]}}],"collection":[{"href":"https:\/\/monarctique.com\/fr\/wp-json\/wp\/v2\/pages"}],"about":[{"href":"https:\/\/monarctique.com\/fr\/wp-json\/wp\/v2\/types\/page"}],"author":[{"embeddable":true,"href":"https:\/\/monarctique.com\/fr\/wp-json\/wp\/v2\/users\/1"}],"replies":[{"embeddable":true,"href":"https:\/\/monarctique.com\/fr\/wp-json\/wp\/v2\/comments?post=3514"}],"version-history":[{"count":3,"href":"https:\/\/monarctique.com\/fr\/wp-json\/wp\/v2\/pages\/3514\/revisions"}],"predecessor-version":[{"id":5346,"href":"https:\/\/monarctique.com\/fr\/wp-json\/wp\/v2\/pages\/3514\/revisions\/5346"}],"wp:attachment":[{"href":"https:\/\/monarctique.com\/fr\/wp-json\/wp\/v2\/media?parent=3514"}],"curies":[{"name":"wp","href":"https:\/\/api.w.org\/{rel}","templated":true}]}}